{"id":2123,"date":"2024-06-19T16:40:49","date_gmt":"2024-06-19T15:40:49","guid":{"rendered":"https:\/\/dev.appv83.madsys.com\/rd3\/nosaltres\/"},"modified":"2025-06-11T09:49:49","modified_gmt":"2025-06-11T08:49:49","slug":"nosotros","status":"publish","type":"page","link":"https:\/\/www.reglade3.com\/es\/nosotros\/","title":{"rendered":"Nosotros"},"content":{"rendered":"<div class=\"wpb-content-wrapper\"><p>[vc_section full_width=&#8221;stretch_row&#8221;][vc_row equal_height=&#8221;yes&#8221; content_placement=&#8221;middle&#8221;][vc_column][vc_empty_space height=&#8221;64px&#8221;][vc_column_text css=&#8221;&#8221; el_class=&#8221;titulo-1 margin-bot-10&#8243;]<\/p>\n<p style=\"text-align: center;\">M\u00e1s de 30 a\u00f1os ofreciendo soluciones<\/p>\n<p>[\/vc_column_text][vc_column_text css_animation=&#8221;slideInUp&#8221; css=&#8221;&#8221; el_class=&#8221;color-accent&#8221;]<\/p>\n<h5 style=\"text-align: center;\"><strong>Siempre a tu lado<\/strong><\/h5>\n<p>[\/vc_column_text][vc_empty_space height=&#8221;64px&#8221;][vc_row_inner equal_height=&#8221;yes&#8221; content_placement=&#8221;middle&#8221;][vc_column_inner width=&#8221;3\/5&#8243;][vc_single_image image=&#8221;125&#8243; img_size=&#8221;full&#8221; alignment=&#8221;center&#8221; css=&#8221;&#8221; el_class=&#8221;img-empreses&#8221;][\/vc_column_inner][vc_column_inner width=&#8221;2\/5&#8243;][vc_column_text css=&#8221;&#8221; el_class=&#8221;titulo-2&#8243;]Y por esta Regla de 3&#8230;[\/vc_column_text][vc_column_text css=&#8221;&#8221;]<\/p>\n<h4 style=\"text-align: left;\">Desde 1993, ofrecemos soporte t\u00e9cnico especializado para productos Apple, asegurando calidad y satisfacci\u00f3n en cada servicio.<\/h4>\n<p>[\/vc_column_text][vc_empty_space][\/vc_column_inner][\/vc_row_inner][\/vc_column][\/vc_row][vc_row][vc_column][vc_empty_space][\/vc_column][\/vc_row][\/vc_section][vc_section full_width=&#8221;stretch_row&#8221; el_class=&#8221;bg-contrast&#8221;][vc_row][vc_column][vc_empty_space height=&#8221;35px&#8221;][\/vc_column][\/vc_row][vc_row][vc_column]<div class=\"ult-content-box-container box-left\" >\t\t<div class=\"ult-content-box\" style=\"box-shadow: px px px px none;-webkit-transition: all 700ms ease;-moz-transition: all 700ms ease;-ms-transition: all 700ms ease;-o-transition: all 700ms ease;transition: all 700ms ease;\"  data-hover_box_shadow=\"none\"    >[vc_single_image image=&#8221;1381&#8243; img_size=&#8221;full&#8221; css=&#8221;&#8221; el_class=&#8221;icono-XL-2&#8243;][vc_column_text css=&#8221;&#8221; el_class=&#8221;text-white&#8221;]<\/p>\n<h4>Somos una empresa familiar y honesta, y ofrecemos un trato amable y cercano. Con nosotros, encontrar\u00e1s una atenci\u00f3n personalizada y una dedicaci\u00f3n total para resolver tus problemas y ofrecer servicios de calidad.<\/h4>\n<p>[\/vc_column_text]\t\t<\/div><\/div>[\/vc_column][\/vc_row][\/vc_section][vc_section][vc_row][vc_column][vc_empty_space height=&#8221;50px&#8221;][vc_empty_space height=&#8221;35px&#8221; el_class=&#8221;vc_hidden-sm vc_hidden-xs&#8221;][vc_column_text css=&#8221;&#8221; el_class=&#8221;s-titulo-1&#8243;]<\/p>\n<p style=\"text-align: center;\">\u00a1Nuestro equipo, qu\u00e9 bonito!<\/p>\n<p>[\/vc_column_text]\n\t\t\t\t<p class=\"rs-p-wp-fix\"><\/p>\n\t\t\t\t<sr7-module data-alias=\"equipo-es\" data-id=\"4\" id=\"SR7_4_1\" class=\"rs-ov-hidden\" data-version=\"6.7.52\">\n\t\t\t\t\t<sr7-adjuster><\/sr7-adjuster>\n\t\t\t\t\t<sr7-content>\n\t\t\t\t\t\t<sr7-slide id=\"SR7_4_1-9\" data-key=\"9\">\n\t\t\t\t\t\t\t<sr7-txt id=\"SR7_4_1-9-2\" class=\"sr7-layer\">Enric Rocabert<\/sr7-txt>\n\t\t\t\t\t\t\t<sr7-txt id=\"SR7_4_1-9-3\" class=\"sr7-layer\">Servicio T\u00e9cnico<\/sr7-txt>\n\t\t\t\t\t\t\t<sr7-txt id=\"SR7_4_1-9-4\" class=\"sr7-layer\">David Castell\u00f3<\/sr7-txt>\n\t\t\t\t\t\t\t<sr7-txt id=\"SR7_4_1-9-5\" class=\"sr7-layer\">Servicio T\u00e9cnico<\/sr7-txt>\n\t\t\t\t\t\t\t<sr7-txt id=\"SR7_4_1-9-6\" class=\"sr7-layer\">Luc\u00eda Rodr\u00edguez<\/sr7-txt>\n\t\t\t\t\t\t\t<sr7-txt id=\"SR7_4_1-9-8\" class=\"sr7-layer\">Recepci\u00f3n<\/sr7-txt>\n\t\t\t\t\t\t\t<sr7-txt id=\"SR7_4_1-9-9\" class=\"sr7-layer\">David Or\u00f3s<\/sr7-txt>\n\t\t\t\t\t\t\t<sr7-txt id=\"SR7_4_1-9-10\" class=\"sr7-layer\">Servicio T\u00e9cnico<\/sr7-txt>\n\t\t\t\t\t\t\t<sr7-txt id=\"SR7_4_1-9-15\" class=\"sr7-layer\">David Sahuquillo<\/sr7-txt>\n\t\t\t\t\t\t\t<sr7-txt id=\"SR7_4_1-9-16\" class=\"sr7-layer\">Administraci\u00f3n<\/sr7-txt>\n\t\t\t\t\t\t<\/sr7-slide>\n\t\t\t\t\t\t<sr7-slide id=\"SR7_4_1-10\" data-key=\"10\">\n\t\t\t\t\t\t<\/sr7-slide>\n\t\t\t\t\t<\/sr7-content>\n\t\t\t\t\t<image_lists style=\"display:none\">\n\t\t\t\t\t\t<img data-src=\"\/\/www.reglade3.com\/wp-content\/uploads\/2025\/01\/davids2.png\" data-libid=\"1375\" data-lib=\"medialibrary\" title=\"davids2\" width=\"0\" height=\"0\" data-dbsrc=\"Ly93d3cucmVnbGFkZTMuY29tL3dwLWNvbnRlbnQvdXBsb2Fkcy8yMDI1LzAxL2RhdmlkczIucG5n\"\/>\n\t\t\t\t\t\t<img data-src=\"\/\/www.reglade3.com\/wp-content\/uploads\/2025\/05\/frase1.png\" data-libid=\"1906\" data-lib=\"medialibrary\" title=\"frase1\" width=\"0\" height=\"0\" data-dbsrc=\"Ly93d3cucmVnbGFkZTMuY29tL3dwLWNvbnRlbnQvdXBsb2Fkcy8yMDI1LzA1L2ZyYXNlMS5wbmc=\"\/>\n\t\t\t\t\t\t<img data-src=\"\/\/www.reglade3.com\/wp-content\/uploads\/2025\/05\/frase3.png\" data-libid=\"1905\" data-lib=\"medialibrary\" title=\"frase3\" width=\"0\" height=\"0\" data-dbsrc=\"Ly93d3cucmVnbGFkZTMuY29tL3dwLWNvbnRlbnQvdXBsb2Fkcy8yMDI1LzA1L2ZyYXNlMy5wbmc=\"\/>\n\t\t\t\t\t\t<img data-src=\"\/\/www.reglade3.com\/wp-content\/uploads\/2025\/01\/davidc.png\" data-libid=\"1370\" data-lib=\"medialibrary\" title=\"davidc\" width=\"0\" height=\"0\" data-dbsrc=\"Ly93d3cucmVnbGFkZTMuY29tL3dwLWNvbnRlbnQvdXBsb2Fkcy8yMDI1LzAxL2RhdmlkYy5wbmc=\"\/>\n\t\t\t\t\t\t<img data-src=\"\/\/www.reglade3.com\/wp-content\/uploads\/2025\/01\/enric.png\" data-libid=\"1373\" data-lib=\"medialibrary\" title=\"enric\" width=\"0\" height=\"0\" data-dbsrc=\"Ly93d3cucmVnbGFkZTMuY29tL3dwLWNvbnRlbnQvdXBsb2Fkcy8yMDI1LzAxL2VucmljLnBuZw==\"\/>\n\t\t\t\t\t\t<img data-src=\"\/\/www.reglade3.com\/wp-content\/uploads\/2025\/05\/frase2.png\" data-libid=\"1904\" data-lib=\"medialibrary\" title=\"frase2\" width=\"0\" height=\"0\" data-dbsrc=\"Ly93d3cucmVnbGFkZTMuY29tL3dwLWNvbnRlbnQvdXBsb2Fkcy8yMDI1LzA1L2ZyYXNlMi5wbmc=\"\/>\n\t\t\t\t\t\t<img data-src=\"\/\/www.reglade3.com\/wp-content\/uploads\/2026\/01\/lucia.png\" data-libid=\"2985\" data-lib=\"medialibrary\" title=\"lucia\" width=\"0\" height=\"0\" data-dbsrc=\"Ly93d3cucmVnbGFkZTMuY29tL3dwLWNvbnRlbnQvdXBsb2Fkcy8yMDI2LzAxL2x1Y2lhLnBuZw==\"\/>\n\t\t\t\t\t\t<img data-src=\"\/\/www.reglade3.com\/wp-content\/uploads\/2025\/01\/davido.png\" data-libid=\"1371\" data-lib=\"medialibrary\" title=\"davido\" width=\"0\" height=\"0\" data-dbsrc=\"Ly93d3cucmVnbGFkZTMuY29tL3dwLWNvbnRlbnQvdXBsb2Fkcy8yMDI1LzAxL2Rhdmlkby5wbmc=\"\/>\n\t\t\t\t\t\t<img data-src=\"\/\/www.reglade3.com\/wp-content\/uploads\/2025\/05\/frase5.png\" data-libid=\"1902\" data-lib=\"medialibrary\" title=\"frase5\" width=\"0\" height=\"0\" data-dbsrc=\"Ly93d3cucmVnbGFkZTMuY29tL3dwLWNvbnRlbnQvdXBsb2Fkcy8yMDI1LzA1L2ZyYXNlNS5wbmc=\"\/>\n\t\t\t\t\t\t<img data-src=\"\/\/www.reglade3.com\/wp-content\/uploads\/2025\/05\/frase4.png\" data-libid=\"1903\" data-lib=\"medialibrary\" title=\"frase4\" width=\"0\" height=\"0\" data-dbsrc=\"Ly93d3cucmVnbGFkZTMuY29tL3dwLWNvbnRlbnQvdXBsb2Fkcy8yMDI1LzA1L2ZyYXNlNC5wbmc=\"\/>\n\t\t\t\t\t<\/image_lists>\n\t\t\t\t<\/sr7-module>\n\t\t\t\t<script>\n\t\t\t\t\twindow.SR7 ??={};SR7.PMH ??={}; SR7.PMH[\"SR7_4_1\"] = {cn:100,state:false,fn: function() { if (window._tpt!==undefined && window._tpt.prepareModuleHeight !== undefined) {  _tpt.prepareModuleHeight({id:\"SR7_4_1\",el:[600,600,600,600,1200],type:'hero',shdw:'0',gh:[600,600,600,600,1200],gw:[1240,1240,1240,1240,480],vpt:['-100px&#039;,&#039;-100px&#039;,&#039;-100px&#039;,&#039;-100px&#039;,&#039;-100px'],size:{fullWidth:true, fullHeight:false},mh:'0',onh:0,onw:0,bg:{color:'{\"orig\":\"transparent\",\"type\":\"solid\",\"string\":\"transparent\"}'}});   SR7.PMH[\"SR7_4_1\"].state=true;} else if(SR7.PMH[\"SR7_4_1\"].cn-->0)\tsetTimeout( SR7.PMH[\"SR7_4_1\"].fn,19);}};SR7.PMH[\"SR7_4_1\" ].fn();\n\t\t\t\t<\/script>\n[vc_empty_space height=&#8221;35px&#8221; el_class=&#8221;vc_hidden-sm vc_hidden-xs&#8221;][vc_column_text css_animation=&#8221;fadeIn&#8221; css=&#8221;&#8221; el_class=&#8221;btn-accent btn-center&#8221;]<a href=\"https:\/\/www.reglade3.com\/es\/contacto\/\">Contacta con nosotros<\/a>[\/vc_column_text][vc_empty_space height=&#8221;50px&#8221; el_class=&#8221;vc_hidden-sm vc_hidden-xs&#8221;][\/vc_column][\/vc_row][\/vc_section][vc_section full_width=&#8221;stretch_row&#8221; el_class=&#8221;bg-accent&#8221;][vc_row][vc_column][vc_empty_space height=&#8221;50px&#8221;][vc_column_text css=&#8221;&#8221; el_class=&#8221;text-white s-titulo-1&#8243;]<\/p>\n<p style=\"text-align: center;\">\u00bfQuieres trabajar con nosotros?<\/p>\n<p>[\/vc_column_text][vc_row_inner][vc_column_inner][vc_column_text css=&#8221;&#8221; el_class=&#8221;text-white&#8221;]<\/p>\n<p style=\"text-align: center;\">\u00bfTe apasiona el mundo de las nuevas tecnolog\u00edas? Siempre estamos buscando nuevas incorporaciones que nos puedan aportar.<\/p>\n<p style=\"text-align: center;\">Env\u00edanos tu curr\u00edculum y nos pondremos en contacto contigo.<\/p>\n<p>[\/vc_column_text][vc_column_text css=&#8221;&#8221; el_class=&#8221;btn-blanco btn-center&#8221;]<\/p>\n<p style=\"text-align: center;\"><a href=\"https:\/\/www.reglade3.com\/es\/contacto\/?sel=5&#038;opt=51\">Enviar curr\u00edculum<\/a><\/p>\n<p>[\/vc_column_text][\/vc_column_inner][\/vc_row_inner][vc_empty_space height=&#8221;15px&#8221;][\/vc_column][\/vc_row][\/vc_section][vc_section full_width=&#8221;stretch_row&#8221; el_class=&#8221;pad-t-b-50&#8243;][vc_row equal_height=&#8221;yes&#8221; el_class=&#8221;mad-svg&#8221;][vc_column el_class=&#8221;grid-tres&#8221;]<div class=\"ult-content-box-container fondo-sombreado\" >\t\t<div class=\"ult-content-box\" style=\"box-shadow: px px px px none;-webkit-transition: all 700ms ease;-moz-transition: all 700ms ease;-ms-transition: all 700ms ease;-o-transition: all 700ms ease;transition: all 700ms ease;\"  data-hover_box_shadow=\"none\"    >[vc_single_image image=&#8221;1114&#8243; img_size=&#8221;full&#8221; alignment=&#8221;right&#8221; css=&#8221;&#8221; el_class=&#8221;icono-formacions&#8221;][vc_column_text css=&#8221;&#8221; el_class=&#8221;titulo-2 mad_center-sm&#8221;]\u00bfEres una empresa? Bienvenido.[\/vc_column_text][vc_column_text css=&#8221;&#8221; el_class=&#8221;mad_center-sm&#8221;]<\/p>\n<h4>En Regla de 3 tambi\u00e9n cuidamos de las empresas<\/h4>\n<p>Os ayudamos a mantener todos vuestros dispositivos Apple apunto, con soluciones a medida y un servicio t\u00e9cnico de confianza. Tambi\u00e9n ofrecemos servicios formativos y de consultor\u00eda.[\/vc_column_text][vc_column_text css=&#8221;&#8221; el_class=&#8221;mrg-bot-0 btn-underline border-bt-accent element-center-xs mad_center-sm&#8221;]<a href=\"https:\/\/www.reglade3.com\/es\/empresas\/\">Quiero saber m\u00e1s<\/a>[\/vc_column_text]\t\t<\/div><\/div><div class=\"ult-content-box-container fondo-accent box-vertical-space-btw\" >\t\t<div class=\"ult-content-box\" style=\"box-shadow: px px px px none;-webkit-transition: all 700ms ease;-moz-transition: all 700ms ease;-ms-transition: all 700ms ease;-o-transition: all 700ms ease;transition: all 700ms ease;\"  data-hover_box_shadow=\"none\"    >[vc_column_text css=&#8221;&#8221; el_class=&#8221;text-white s-titulo-1&#8243;]<\/p>\n<p style=\"text-align: center;\">SupportCare<\/p>\n<p>[\/vc_column_text][vc_column_text css=&#8221;&#8221; el_class=&#8221;text-white&#8221;]<\/p>\n<p style=\"text-align: center;\">\u00bfQuieres lo merjor para tus dispositivos Apple? Descubre nuestro servicio de suscripci\u00f3n todo en uno. \u00a1No te dejar\u00e1 indiferente!<\/p>\n<p>[\/vc_column_text][vc_column_text css=&#8221;&#8221; el_class=&#8221;btn-blanco btn-center&#8221;]<\/p>\n<p style=\"text-align: center;\"><a href=\"https:\/\/www.reglade3.com\/es\/supportcare\/\">Cu\u00e9ntame m\u00e1s<\/a><\/p>\n<p>[\/vc_column_text]\t\t<\/div><\/div>[\/vc_column][\/vc_row][\/vc_section]<\/p>\n<\/div>","protected":false},"excerpt":{"rendered":"<p>[vc_section full_width=&#8221;stretch_row&#8221;][vc_row equal_height=&#8221;yes&#8221; content_placement=&#8221;middle&#8221;][vc_column][vc_empty_space height=&#8221;64px&#8221;][vc_column_text css=&#8221;&#8221; el_class=&#8221;titulo-1 margin-bot-10&#8243;] M\u00e1s de 30 a\u00f1os ofreciendo soluciones [\/vc_column_text][vc_column_text css_animation=&#8221;slideInUp&#8221; css=&#8221;&#8221; el_class=&#8221;color-accent&#8221;] Siempre a tu lado [\/vc_column_text][vc_empty_space height=&#8221;64px&#8221;][vc_row_inner equal_height=&#8221;yes&#8221; content_placement=&#8221;middle&#8221;][vc_column_inner width=&#8221;3\/5&#8243;][vc_single_image image=&#8221;125&#8243; img_size=&#8221;full&#8221; alignment=&#8221;center&#8221; css=&#8221;&#8221; el_class=&#8221;img-empreses&#8221;][\/vc_column_inner][vc_column_inner width=&#8221;2\/5&#8243;][vc_column_text css=&#8221;&#8221; el_class=&#8221;titulo-2&#8243;]Y por esta Regla de 3&#8230;[\/vc_column_text][vc_column_text css=&#8221;&#8221;] Desde 1993, ofrecemos soporte t\u00e9cnico especializado para productos Apple, asegurando calidad y satisfacci\u00f3n en &#8230; <a title=\"Nosotros\" class=\"read-more\" href=\"https:\/\/www.reglade3.com\/es\/nosotros\/\" aria-label=\"Leer m\u00e1s sobre Nosotros\">Leer m\u00e1s<\/a><\/p>\n","protected":false},"author":4,"featured_media":0,"parent":0,"menu_order":0,"comment_status":"closed","ping_status":"closed","template":"","meta":{"_acf_changed":false,"inline_featured_image":false,"footnotes":""},"class_list":["post-2123","page","type-page","status-publish"],"acf":[],"yoast_head":"<!-- This site is optimized with the Yoast SEO plugin v27.3 - https:\/\/yoast.com\/product\/yoast-seo-wordpress\/ -->\n<title>Nosotros &#8226; Regla de 3<\/title>\n<meta name=\"robots\" content=\"index, follow, max-snippet:-1, max-image-preview:large, max-video-preview:-1\" \/>\n<link rel=\"canonical\" href=\"https:\/\/www.reglade3.com\/es\/nosotros\/\" \/>\n<meta property=\"og:locale\" content=\"es_ES\" \/>\n<meta property=\"og:type\" content=\"article\" \/>\n<meta property=\"og:title\" content=\"Nosotros &#8226; Regla de 3\" \/>\n<meta property=\"og:description\" content=\"[vc_section full_width=&#8221;stretch_row&#8221;][vc_row equal_height=&#8221;yes&#8221; content_placement=&#8221;middle&#8221;][vc_column][vc_empty_space height=&#8221;64px&#8221;][vc_column_text css=&#8221;&#8221; el_class=&#8221;titulo-1 margin-bot-10&#8243;] M\u00e1s de 30 a\u00f1os ofreciendo soluciones [\/vc_column_text][vc_column_text css_animation=&#8221;slideInUp&#8221; css=&#8221;&#8221; el_class=&#8221;color-accent&#8221;] Siempre a tu lado [\/vc_column_text][vc_empty_space height=&#8221;64px&#8221;][vc_row_inner equal_height=&#8221;yes&#8221; content_placement=&#8221;middle&#8221;][vc_column_inner width=&#8221;3\/5&#8243;][vc_single_image image=&#8221;125&#8243; img_size=&#8221;full&#8221; alignment=&#8221;center&#8221; css=&#8221;&#8221; el_class=&#8221;img-empreses&#8221;][\/vc_column_inner][vc_column_inner width=&#8221;2\/5&#8243;][vc_column_text css=&#8221;&#8221; el_class=&#8221;titulo-2&#8243;]Y por esta Regla de 3&#8230;[\/vc_column_text][vc_column_text css=&#8221;&#8221;] Desde 1993, ofrecemos soporte t\u00e9cnico especializado para productos Apple, asegurando calidad y satisfacci\u00f3n en ... Leer m\u00e1s\" \/>\n<meta property=\"og:url\" content=\"https:\/\/www.reglade3.com\/es\/nosotros\/\" \/>\n<meta property=\"og:site_name\" content=\"Regla de 3\" \/>\n<meta property=\"article:modified_time\" content=\"2025-06-11T08:49:49+00:00\" \/>\n<meta name=\"twitter:card\" content=\"summary_large_image\" \/>\n<meta name=\"twitter:label1\" content=\"Tiempo de lectura\" \/>\n\t<meta name=\"twitter:data1\" content=\"2 minutos\" \/>\n<script type=\"application\/ld+json\" class=\"yoast-schema-graph\">{\"@context\":\"https:\\\/\\\/schema.org\",\"@graph\":[{\"@type\":\"WebPage\",\"@id\":\"https:\\\/\\\/www.reglade3.com\\\/es\\\/nosotros\\\/\",\"url\":\"https:\\\/\\\/www.reglade3.com\\\/es\\\/nosotros\\\/\",\"name\":\"Nosotros &#8226; Regla de 3\",\"isPartOf\":{\"@id\":\"https:\\\/\\\/www.reglade3.com\\\/es\\\/#website\"},\"datePublished\":\"2024-06-19T15:40:49+00:00\",\"dateModified\":\"2025-06-11T08:49:49+00:00\",\"breadcrumb\":{\"@id\":\"https:\\\/\\\/www.reglade3.com\\\/es\\\/nosotros\\\/#breadcrumb\"},\"inLanguage\":\"es\",\"potentialAction\":[{\"@type\":\"ReadAction\",\"target\":[\"https:\\\/\\\/www.reglade3.com\\\/es\\\/nosotros\\\/\"]}]},{\"@type\":\"BreadcrumbList\",\"@id\":\"https:\\\/\\\/www.reglade3.com\\\/es\\\/nosotros\\\/#breadcrumb\",\"itemListElement\":[{\"@type\":\"ListItem\",\"position\":1,\"name\":\"Inici\",\"item\":\"https:\\\/\\\/www.reglade3.com\\\/es\\\/\"},{\"@type\":\"ListItem\",\"position\":2,\"name\":\"Nosotros\"}]},{\"@type\":\"WebSite\",\"@id\":\"https:\\\/\\\/www.reglade3.com\\\/es\\\/#website\",\"url\":\"https:\\\/\\\/www.reglade3.com\\\/es\\\/\",\"name\":\"Regla de 3\",\"description\":\"\",\"publisher\":{\"@id\":\"https:\\\/\\\/www.reglade3.com\\\/es\\\/#organization\"},\"alternateName\":\"Regla de 3\",\"potentialAction\":[{\"@type\":\"SearchAction\",\"target\":{\"@type\":\"EntryPoint\",\"urlTemplate\":\"https:\\\/\\\/www.reglade3.com\\\/es\\\/?s={search_term_string}\"},\"query-input\":{\"@type\":\"PropertyValueSpecification\",\"valueRequired\":true,\"valueName\":\"search_term_string\"}}],\"inLanguage\":\"es\"},{\"@type\":\"Organization\",\"@id\":\"https:\\\/\\\/www.reglade3.com\\\/es\\\/#organization\",\"name\":\"Regla de 3\",\"alternateName\":\"Regla de 3\",\"url\":\"https:\\\/\\\/www.reglade3.com\\\/es\\\/\",\"logo\":{\"@type\":\"ImageObject\",\"inLanguage\":\"es\",\"@id\":\"https:\\\/\\\/www.reglade3.com\\\/es\\\/#\\\/schema\\\/logo\\\/image\\\/\",\"url\":\"https:\\\/\\\/www.reglade3.com\\\/wp-content\\\/uploads\\\/2024\\\/09\\\/Logo-Regla-de-3.png\",\"contentUrl\":\"https:\\\/\\\/www.reglade3.com\\\/wp-content\\\/uploads\\\/2024\\\/09\\\/Logo-Regla-de-3.png\",\"width\":2530,\"height\":508,\"caption\":\"Regla de 3\"},\"image\":{\"@id\":\"https:\\\/\\\/www.reglade3.com\\\/es\\\/#\\\/schema\\\/logo\\\/image\\\/\"}}]}<\/script>\n<!-- \/ Yoast SEO plugin. -->","yoast_head_json":{"title":"Nosotros &#8226; Regla de 3","robots":{"index":"index","follow":"follow","max-snippet":"max-snippet:-1","max-image-preview":"max-image-preview:large","max-video-preview":"max-video-preview:-1"},"canonical":"https:\/\/www.reglade3.com\/es\/nosotros\/","og_locale":"es_ES","og_type":"article","og_title":"Nosotros &#8226; Regla de 3","og_description":"[vc_section full_width=&#8221;stretch_row&#8221;][vc_row equal_height=&#8221;yes&#8221; content_placement=&#8221;middle&#8221;][vc_column][vc_empty_space height=&#8221;64px&#8221;][vc_column_text css=&#8221;&#8221; el_class=&#8221;titulo-1 margin-bot-10&#8243;] M\u00e1s de 30 a\u00f1os ofreciendo soluciones [\/vc_column_text][vc_column_text css_animation=&#8221;slideInUp&#8221; css=&#8221;&#8221; el_class=&#8221;color-accent&#8221;] Siempre a tu lado [\/vc_column_text][vc_empty_space height=&#8221;64px&#8221;][vc_row_inner equal_height=&#8221;yes&#8221; content_placement=&#8221;middle&#8221;][vc_column_inner width=&#8221;3\/5&#8243;][vc_single_image image=&#8221;125&#8243; img_size=&#8221;full&#8221; alignment=&#8221;center&#8221; css=&#8221;&#8221; el_class=&#8221;img-empreses&#8221;][\/vc_column_inner][vc_column_inner width=&#8221;2\/5&#8243;][vc_column_text css=&#8221;&#8221; el_class=&#8221;titulo-2&#8243;]Y por esta Regla de 3&#8230;[\/vc_column_text][vc_column_text css=&#8221;&#8221;] Desde 1993, ofrecemos soporte t\u00e9cnico especializado para productos Apple, asegurando calidad y satisfacci\u00f3n en ... Leer m\u00e1s","og_url":"https:\/\/www.reglade3.com\/es\/nosotros\/","og_site_name":"Regla de 3","article_modified_time":"2025-06-11T08:49:49+00:00","twitter_card":"summary_large_image","twitter_misc":{"Tiempo de lectura":"2 minutos"},"schema":{"@context":"https:\/\/schema.org","@graph":[{"@type":"WebPage","@id":"https:\/\/www.reglade3.com\/es\/nosotros\/","url":"https:\/\/www.reglade3.com\/es\/nosotros\/","name":"Nosotros &#8226; Regla de 3","isPartOf":{"@id":"https:\/\/www.reglade3.com\/es\/#website"},"datePublished":"2024-06-19T15:40:49+00:00","dateModified":"2025-06-11T08:49:49+00:00","breadcrumb":{"@id":"https:\/\/www.reglade3.com\/es\/nosotros\/#breadcrumb"},"inLanguage":"es","potentialAction":[{"@type":"ReadAction","target":["https:\/\/www.reglade3.com\/es\/nosotros\/"]}]},{"@type":"BreadcrumbList","@id":"https:\/\/www.reglade3.com\/es\/nosotros\/#breadcrumb","itemListElement":[{"@type":"ListItem","position":1,"name":"Inici","item":"https:\/\/www.reglade3.com\/es\/"},{"@type":"ListItem","position":2,"name":"Nosotros"}]},{"@type":"WebSite","@id":"https:\/\/www.reglade3.com\/es\/#website","url":"https:\/\/www.reglade3.com\/es\/","name":"Regla de 3","description":"","publisher":{"@id":"https:\/\/www.reglade3.com\/es\/#organization"},"alternateName":"Regla de 3","potentialAction":[{"@type":"SearchAction","target":{"@type":"EntryPoint","urlTemplate":"https:\/\/www.reglade3.com\/es\/?s={search_term_string}"},"query-input":{"@type":"PropertyValueSpecification","valueRequired":true,"valueName":"search_term_string"}}],"inLanguage":"es"},{"@type":"Organization","@id":"https:\/\/www.reglade3.com\/es\/#organization","name":"Regla de 3","alternateName":"Regla de 3","url":"https:\/\/www.reglade3.com\/es\/","logo":{"@type":"ImageObject","inLanguage":"es","@id":"https:\/\/www.reglade3.com\/es\/#\/schema\/logo\/image\/","url":"https:\/\/www.reglade3.com\/wp-content\/uploads\/2024\/09\/Logo-Regla-de-3.png","contentUrl":"https:\/\/www.reglade3.com\/wp-content\/uploads\/2024\/09\/Logo-Regla-de-3.png","width":2530,"height":508,"caption":"Regla de 3"},"image":{"@id":"https:\/\/www.reglade3.com\/es\/#\/schema\/logo\/image\/"}}]}},"_links":{"self":[{"href":"https:\/\/www.reglade3.com\/es\/wp-json\/wp\/v2\/pages\/2123","targetHints":{"allow":["GET"]}}],"collection":[{"href":"https:\/\/www.reglade3.com\/es\/wp-json\/wp\/v2\/pages"}],"about":[{"href":"https:\/\/www.reglade3.com\/es\/wp-json\/wp\/v2\/types\/page"}],"author":[{"embeddable":true,"href":"https:\/\/www.reglade3.com\/es\/wp-json\/wp\/v2\/users\/4"}],"replies":[{"embeddable":true,"href":"https:\/\/www.reglade3.com\/es\/wp-json\/wp\/v2\/comments?post=2123"}],"version-history":[{"count":0,"href":"https:\/\/www.reglade3.com\/es\/wp-json\/wp\/v2\/pages\/2123\/revisions"}],"wp:attachment":[{"href":"https:\/\/www.reglade3.com\/es\/wp-json\/wp\/v2\/media?parent=2123"}],"curies":[{"name":"wp","href":"https:\/\/api.w.org\/{rel}","templated":true}]}}