{"id":2128,"date":"2024-08-06T07:20:47","date_gmt":"2024-08-06T06:20:47","guid":{"rendered":"https:\/\/dev.appv83.madsys.com\/rd3\/password-reset\/"},"modified":"2025-06-21T10:35:12","modified_gmt":"2025-06-21T09:35:12","slug":"password-reset","status":"publish","type":"page","link":"https:\/\/www.reglade3.com\/es\/password-reset\/","title":{"rendered":"Restablecer la contrase\u00f1a"},"content":{"rendered":"<div class=\"um um-password um-um_password_id\">\n\t<div class=\"um-form\">\n\t\t<form method=\"post\" action=\"\">\n\t\t\t\n\t\t\t\t<input type=\"hidden\" name=\"_um_password_reset\" id=\"_um_password_reset\" value=\"1\" \/>\n\n\t\t\t\t\t\t\t\t\t<div class=\"um-field um-field-block um-field-type_block\">\n\t\t\t\t\t\t<div class=\"um-field-block\">\n\t\t\t\t\t\t\t<div style=\"text-align:center;\">\n\t\t\t\t\t\t\t\tPara restablecer tu contrase\u00f1a, por favor, introduce a continuaci\u00f3n tu direcci\u00f3n de correo electr\u00f3nico o nombre de usuario.\t\t\t\t\t\t\t<\/div>\n\t\t\t\t\t\t<\/div>\n\t\t\t\t\t<\/div>\n\t\t\t\t\t<div  id=\"um_field_0_username_b\" class=\"um-field um-field-text  um-field-username_b um-field-text um-field-type_text\" data-key=\"username_b\"><div class=\"um-field-area\"><input  autocomplete=\"off\" class=\"um-form-field valid \" type=\"text\" name=\"username_b\" id=\"username_b\" value=\"\" placeholder=\"Introduce tu nombre de usuario o correo electr\u00f3nico\" data-validate=\"\" data-key=\"username_b\"  aria-invalid=\"false\" \/>\n\n\t\t\t\t\t\t<\/div><\/div>\t\t\t\t<div class=\"um-col-alt um-col-alt-b\">\n\t\t\t\t\t<div class=\"um-center\">\n\t\t\t\t\t\t<input type=\"submit\" value=\"Restablecer contrase\u00f1a\" class=\"um-button\" id=\"um-submit-btn\" \/>\n\t\t\t\t\t<\/div>\n\t\t\t\t\t<div class=\"um-clear\"><\/div>\n\t\t\t\t<\/div>\n\t\t\t\t\t<input type=\"hidden\" name=\"form_id\" id=\"form_id_um_password_id\" value=\"um_password_id\" \/>\n\t\t<p class=\"um_request_name\">\n\t\t<label for=\"um_request_um_password_id\">Only fill in if you are not human<\/label>\n\t\t<input type=\"hidden\" name=\"um_request\" id=\"um_request_um_password_id\" class=\"input\" value=\"\" size=\"25\" autocomplete=\"off\" \/>\n\t<\/p>\n\t\t\t<\/form>\n\t<\/div>\n<\/div>\n<style>\n\t\t\t.um-um_password_id.um {\n\t\t\tmax-width: 450px;\n\t\t}\n\t\t<\/style>\n\n","protected":false},"excerpt":{"rendered":"Para restablecer tu contrase\u00f1a, por favor, introduce a continuaci\u00f3n tu direcci\u00f3n de correo electr\u00f3nico o nombre de usuario. Only fill in if you are not human","protected":false},"author":4,"featured_media":0,"parent":0,"menu_order":0,"comment_status":"closed","ping_status":"closed","template":"","meta":{"_acf_changed":false,"inline_featured_image":false,"footnotes":""},"class_list":["post-2128","page","type-page","status-publish"],"acf":[],"yoast_head":"<!-- This site is optimized with the Yoast SEO plugin v27.5 - https:\/\/yoast.com\/product\/yoast-seo-wordpress\/ -->\n<title>Restablecer la contrase\u00f1a &#8226; Regla de 3<\/title>\n<meta name=\"robots\" content=\"noindex, follow\" \/>\n<meta property=\"og:locale\" content=\"es_ES\" \/>\n<meta property=\"og:type\" content=\"article\" \/>\n<meta property=\"og:title\" content=\"Restablecer la contrase\u00f1a &#8226; Regla de 3\" \/>\n<meta property=\"og:url\" content=\"https:\/\/www.reglade3.com\/es\/password-reset\/\" \/>\n<meta property=\"og:site_name\" content=\"Regla de 3\" \/>\n<meta property=\"article:modified_time\" content=\"2025-06-21T09:35:12+00:00\" \/>\n<meta name=\"twitter:card\" content=\"summary_large_image\" \/>\n<meta name=\"twitter:label1\" content=\"Tiempo de lectura\" \/>\n\t<meta name=\"twitter:data1\" content=\"1 minuto\" \/>\n<script type=\"application\/ld+json\" class=\"yoast-schema-graph\">{\"@context\":\"https:\\\/\\\/schema.org\",\"@graph\":[{\"@type\":\"WebPage\",\"@id\":\"https:\\\/\\\/www.reglade3.com\\\/es\\\/password-reset\\\/\",\"url\":\"https:\\\/\\\/www.reglade3.com\\\/es\\\/password-reset\\\/\",\"name\":\"Restablecer la contrase\u00f1a &#8226; Regla de 3\",\"isPartOf\":{\"@id\":\"https:\\\/\\\/www.reglade3.com\\\/es\\\/#website\"},\"datePublished\":\"2024-08-06T06:20:47+00:00\",\"dateModified\":\"2025-06-21T09:35:12+00:00\",\"breadcrumb\":{\"@id\":\"https:\\\/\\\/www.reglade3.com\\\/es\\\/password-reset\\\/#breadcrumb\"},\"inLanguage\":\"es\",\"potentialAction\":[{\"@type\":\"ReadAction\",\"target\":[\"https:\\\/\\\/www.reglade3.com\\\/es\\\/password-reset\\\/\"]}]},{\"@type\":\"BreadcrumbList\",\"@id\":\"https:\\\/\\\/www.reglade3.com\\\/es\\\/password-reset\\\/#breadcrumb\",\"itemListElement\":[{\"@type\":\"ListItem\",\"position\":1,\"name\":\"Inici\",\"item\":\"https:\\\/\\\/www.reglade3.com\\\/es\\\/\"},{\"@type\":\"ListItem\",\"position\":2,\"name\":\"Restablecer la contrase\u00f1a\"}]},{\"@type\":\"WebSite\",\"@id\":\"https:\\\/\\\/www.reglade3.com\\\/es\\\/#website\",\"url\":\"https:\\\/\\\/www.reglade3.com\\\/es\\\/\",\"name\":\"Regla de 3\",\"description\":\"\",\"publisher\":{\"@id\":\"https:\\\/\\\/www.reglade3.com\\\/es\\\/#organization\"},\"alternateName\":\"Regla de 3\",\"potentialAction\":[{\"@type\":\"SearchAction\",\"target\":{\"@type\":\"EntryPoint\",\"urlTemplate\":\"https:\\\/\\\/www.reglade3.com\\\/es\\\/?s={search_term_string}\"},\"query-input\":{\"@type\":\"PropertyValueSpecification\",\"valueRequired\":true,\"valueName\":\"search_term_string\"}}],\"inLanguage\":\"es\"},{\"@type\":\"Organization\",\"@id\":\"https:\\\/\\\/www.reglade3.com\\\/es\\\/#organization\",\"name\":\"Regla de 3\",\"alternateName\":\"Regla de 3\",\"url\":\"https:\\\/\\\/www.reglade3.com\\\/es\\\/\",\"logo\":{\"@type\":\"ImageObject\",\"inLanguage\":\"es\",\"@id\":\"https:\\\/\\\/www.reglade3.com\\\/es\\\/#\\\/schema\\\/logo\\\/image\\\/\",\"url\":\"https:\\\/\\\/www.reglade3.com\\\/wp-content\\\/uploads\\\/2024\\\/09\\\/Logo-Regla-de-3.png\",\"contentUrl\":\"https:\\\/\\\/www.reglade3.com\\\/wp-content\\\/uploads\\\/2024\\\/09\\\/Logo-Regla-de-3.png\",\"width\":2530,\"height\":508,\"caption\":\"Regla de 3\"},\"image\":{\"@id\":\"https:\\\/\\\/www.reglade3.com\\\/es\\\/#\\\/schema\\\/logo\\\/image\\\/\"}}]}<\/script>\n<!-- \/ Yoast SEO plugin. -->","yoast_head_json":{"title":"Restablecer la contrase\u00f1a &#8226; Regla de 3","robots":{"index":"noindex","follow":"follow"},"og_locale":"es_ES","og_type":"article","og_title":"Restablecer la contrase\u00f1a &#8226; Regla de 3","og_url":"https:\/\/www.reglade3.com\/es\/password-reset\/","og_site_name":"Regla de 3","article_modified_time":"2025-06-21T09:35:12+00:00","twitter_card":"summary_large_image","twitter_misc":{"Tiempo de lectura":"1 minuto"},"schema":{"@context":"https:\/\/schema.org","@graph":[{"@type":"WebPage","@id":"https:\/\/www.reglade3.com\/es\/password-reset\/","url":"https:\/\/www.reglade3.com\/es\/password-reset\/","name":"Restablecer la contrase\u00f1a &#8226; Regla de 3","isPartOf":{"@id":"https:\/\/www.reglade3.com\/es\/#website"},"datePublished":"2024-08-06T06:20:47+00:00","dateModified":"2025-06-21T09:35:12+00:00","breadcrumb":{"@id":"https:\/\/www.reglade3.com\/es\/password-reset\/#breadcrumb"},"inLanguage":"es","potentialAction":[{"@type":"ReadAction","target":["https:\/\/www.reglade3.com\/es\/password-reset\/"]}]},{"@type":"BreadcrumbList","@id":"https:\/\/www.reglade3.com\/es\/password-reset\/#breadcrumb","itemListElement":[{"@type":"ListItem","position":1,"name":"Inici","item":"https:\/\/www.reglade3.com\/es\/"},{"@type":"ListItem","position":2,"name":"Restablecer la contrase\u00f1a"}]},{"@type":"WebSite","@id":"https:\/\/www.reglade3.com\/es\/#website","url":"https:\/\/www.reglade3.com\/es\/","name":"Regla de 3","description":"","publisher":{"@id":"https:\/\/www.reglade3.com\/es\/#organization"},"alternateName":"Regla de 3","potentialAction":[{"@type":"SearchAction","target":{"@type":"EntryPoint","urlTemplate":"https:\/\/www.reglade3.com\/es\/?s={search_term_string}"},"query-input":{"@type":"PropertyValueSpecification","valueRequired":true,"valueName":"search_term_string"}}],"inLanguage":"es"},{"@type":"Organization","@id":"https:\/\/www.reglade3.com\/es\/#organization","name":"Regla de 3","alternateName":"Regla de 3","url":"https:\/\/www.reglade3.com\/es\/","logo":{"@type":"ImageObject","inLanguage":"es","@id":"https:\/\/www.reglade3.com\/es\/#\/schema\/logo\/image\/","url":"https:\/\/www.reglade3.com\/wp-content\/uploads\/2024\/09\/Logo-Regla-de-3.png","contentUrl":"https:\/\/www.reglade3.com\/wp-content\/uploads\/2024\/09\/Logo-Regla-de-3.png","width":2530,"height":508,"caption":"Regla de 3"},"image":{"@id":"https:\/\/www.reglade3.com\/es\/#\/schema\/logo\/image\/"}}]}},"_links":{"self":[{"href":"https:\/\/www.reglade3.com\/es\/wp-json\/wp\/v2\/pages\/2128","targetHints":{"allow":["GET"]}}],"collection":[{"href":"https:\/\/www.reglade3.com\/es\/wp-json\/wp\/v2\/pages"}],"about":[{"href":"https:\/\/www.reglade3.com\/es\/wp-json\/wp\/v2\/types\/page"}],"author":[{"embeddable":true,"href":"https:\/\/www.reglade3.com\/es\/wp-json\/wp\/v2\/users\/4"}],"replies":[{"embeddable":true,"href":"https:\/\/www.reglade3.com\/es\/wp-json\/wp\/v2\/comments?post=2128"}],"version-history":[{"count":0,"href":"https:\/\/www.reglade3.com\/es\/wp-json\/wp\/v2\/pages\/2128\/revisions"}],"wp:attachment":[{"href":"https:\/\/www.reglade3.com\/es\/wp-json\/wp\/v2\/media?parent=2128"}],"curies":[{"name":"wp","href":"https:\/\/api.w.org\/{rel}","templated":true}]}}